{"id":90,"date":"2025-05-05T14:49:48","date_gmt":"2025-05-05T14:49:48","guid":{"rendered":"https:\/\/schuetz.bw-media.saarland\/?page_id=90"},"modified":"2025-05-15T13:57:51","modified_gmt":"2025-05-15T13:57:51","slug":"datenschutz","status":"publish","type":"page","link":"https:\/\/schuetz.bw-media.saarland\/index.php\/datenschutz\/","title":{"rendered":"Datenschutz"},"content":{"rendered":"<div class=\"\" style=\"\" >\n    \n    <section class=\"u-clearfix u-grey-5 u-section-2\" id=\"sec-e98b\">\n      <div class=\"u-clearfix u-sheet u-valign-middle-xl u-valign-top-lg u-sheet-1\">\n        <h2 class=\"u-text u-text-custom-color-2 u-text-1\">Datenschutzerkl\u00e4rung<\/h2>\n        <div class=\"u-container-style u-expanded-width u-group u-palette-5-dark-1 u-radius u-shape-round u-group-1\">\n          <div class=\"u-container-layout u-valign-middle-sm u-container-layout-1\">\n            <h3 class=\"u-text u-text-custom-color-2 u-text-2\"> 1. Datenschutz auf einen Blick<\/h3>\n            <h4 class=\"u-text u-text-custom-color-2 u-text-3\"> Allgemeine Hinweise<\/h4>\n            <p class=\"u-text u-text-4\"> Die folgenden Hinweise geben einen einfachen \u00dcberblick dar\u00fcber, was mit Ihren personenbezogenen Daten passiert, wenn Sie diese Website besuchen. Personenbezogene Daten sind alle Daten, mit denen Sie pers\u00f6nlich identifiziert werden k\u00f6nnen. Ausf\u00fchrliche Informationen zum Thema Datenschutz entnehmen Sie unserer unter diesem Text aufgef\u00fchrten Datenschutzerkl\u00e4rung.<\/p>\n            <h4 class=\"u-text u-text-custom-color-2 u-text-5\"> Datenerfassung auf dieser Webseite<\/h4>\n            <ul class=\"u-custom-list u-text u-text-white u-text-6\">\n              <li>\n                <div class=\"u-list-icon u-text-custom-color-2\">\n                  <svg class=\"u-svg-content\" viewBox=\"0 0 415.994 415.994\" id=\"svg-4166\"><path d=\"m391.645 193.946-352-192c-4.96-2.688-10.976-2.592-15.808.288-4.864 2.88-7.84 8.128-7.84 13.76v384c0 5.664 2.976 10.88 7.84 13.76 2.496 1.504 5.344 2.24 8.16 2.24 2.656 0 5.28-.672 7.648-1.984l352-192c5.152-2.752 8.352-8.16 8.352-14.016s-3.2-11.264-8.352-14.048z\" fill=\"currentColor\"><\/path><\/svg>\n                <\/div> Wer ist verantwortlich f\u00fcr die Datenerfassung auf dieser Website?\n              <\/li>\n            <\/ul>\n            <p class=\"u-text u-text-7\"> Die Datenverarbeitung auf dieser Website erfolgt durch den Websitebetreiber. Dessen Kontaktdaten k\u00f6nnen Sie dem Abschnitt \u201eHinweis zur Verantwortlichen Stelle\u201c in dieser Datenschutzerkl\u00e4rung entnehmen.<\/p>\n            <ul class=\"u-custom-list u-text u-text-white u-text-8\">\n              <li>\n                <div class=\"u-list-icon u-text-custom-color-2\">\n                  <svg class=\"u-svg-content\" viewBox=\"0 0 415.994 415.994\" id=\"svg-d326\"><path d=\"m391.645 193.946-352-192c-4.96-2.688-10.976-2.592-15.808.288-4.864 2.88-7.84 8.128-7.84 13.76v384c0 5.664 2.976 10.88 7.84 13.76 2.496 1.504 5.344 2.24 8.16 2.24 2.656 0 5.28-.672 7.648-1.984l352-192c5.152-2.752 8.352-8.16 8.352-14.016s-3.2-11.264-8.352-14.048z\" fill=\"currentColor\"><\/path><\/svg>\n                <\/div> Wie erfassen wir Ihre Daten?\n              <\/li>\n            <\/ul>\n            <p class=\"u-text u-text-9\"> Ihre Daten werden zum einen dadurch erhoben, dass Sie uns diese mitteilen. Hierbei kann es sich z.&nbsp;B. um Daten handeln, die Sie in ein Kontaktformular eingeben. Andere Daten werden automatisch oder nach Ihrer Einwilligung beim Besuch der Website durch unsere IT-Systeme erfasst. Das sind vor allem technische Daten (z.&nbsp;B. Internetbrowser, Betriebssystem oder Uhrzeit des Seitenaufrufs). Die Erfassung dieser Daten erfolgt automatisch, sobald Sie diese Website betreten.<\/p>\n            <ul class=\"u-custom-list u-text u-text-white u-text-10\">\n              <li>\n                <div class=\"u-list-icon u-text-custom-color-2\">\n                  <svg class=\"u-svg-content\" viewBox=\"0 0 415.994 415.994\" id=\"svg-8673\"><path d=\"m391.645 193.946-352-192c-4.96-2.688-10.976-2.592-15.808.288-4.864 2.88-7.84 8.128-7.84 13.76v384c0 5.664 2.976 10.88 7.84 13.76 2.496 1.504 5.344 2.24 8.16 2.24 2.656 0 5.28-.672 7.648-1.984l352-192c5.152-2.752 8.352-8.16 8.352-14.016s-3.2-11.264-8.352-14.048z\" fill=\"currentColor\"><\/path><\/svg>\n                <\/div> Wof\u00fcr nutzen wir Ihre Daten?\n              <\/li>\n            <\/ul>\n            <p class=\"u-text u-text-11\"> Ein Teil der Daten wird erhoben, um eine fehlerfreie Bereitstellung der Website zu gew\u00e4hrleisten. Andere Daten k\u00f6nnen zur Analyse Ihres Nutzerverhaltens verwendet werden.<\/p>\n            <ul class=\"u-custom-list u-text u-text-white u-text-12\">\n              <li>\n                <div class=\"u-list-icon u-text-custom-color-2\">\n                  <svg class=\"u-svg-content\" viewBox=\"0 0 415.994 415.994\" id=\"svg-9a36\"><path d=\"m391.645 193.946-352-192c-4.96-2.688-10.976-2.592-15.808.288-4.864 2.88-7.84 8.128-7.84 13.76v384c0 5.664 2.976 10.88 7.84 13.76 2.496 1.504 5.344 2.24 8.16 2.24 2.656 0 5.28-.672 7.648-1.984l352-192c5.152-2.752 8.352-8.16 8.352-14.016s-3.2-11.264-8.352-14.048z\" fill=\"currentColor\"><\/path><\/svg>\n                <\/div> Welche Rechte haben Sie bez\u00fcglich Ihrer Daten?\n              <\/li>\n            <\/ul>\n            <p class=\"u-text u-text-13\"> Sie haben jederzeit das Recht, unentgeltlich Auskunft \u00fcber Herkunft, Empf\u00e4nger und Zweck Ihrer gespeicherten personenbezogenen Daten zu erhalten. Sie haben au\u00dferdem ein Recht, die Berichtigung oder L\u00f6schung dieser Daten zu verlangen. Wenn Sie eine Einwilligung zur Datenverarbeitung erteilt haben, k\u00f6nnen Sie diese Einwilligung jederzeit f\u00fcr die Zukunft widerrufen. Au\u00dferdem haben Sie das Recht, unter bestimmten Umst\u00e4nden die Einschr\u00e4nkung der Verarbeitung Ihrer personenbezogenen Daten zu verlangen. Des Weiteren steht Ihnen ein Beschwerderecht bei der zust\u00e4ndigen Aufsichtsbeh\u00f6rde zu. Hierzu sowie zu weiteren Fragen zum Thema Datenschutz k\u00f6nnen Sie sich jederzeit an uns wenden.<\/p>\n            <h3 class=\"u-text u-text-custom-color-2 u-text-14\"> 2. Allgemeine Hinweise und Pflicht\u00adinformationen Datenschutz<\/h3>\n            <p class=\"u-text u-text-15\"> Die Betreiber dieser Seiten nehmen den Schutz Ihrer pers\u00f6nlichen Daten sehr ernst. Wir behandeln Ihre personenbezogenen Daten vertraulich und entsprechend den gesetzlichen Datenschutzvorschriften sowie dieser Datenschutzerkl\u00e4rung.<br>\n              <br>Wenn Sie diese Website benutzen, werden verschiedene personenbezogene Daten erhoben. Personenbezogene Daten sind Daten, mit denen Sie pers\u00f6nlich identifiziert werden k\u00f6nnen. Die vorliegende Datenschutzerkl\u00e4rung erl\u00e4utert, welche Daten wir erheben und wof\u00fcr wir sie nutzen. Sie erl\u00e4utert auch, wie und zu welchem Zweck das geschieht.<br>\n              <br>Wir weisen darauf hin, dass die Daten\u00fcbertragung im Internet (z.&nbsp;B. bei der Kommunikation per E-Mail) Sicherheitsl\u00fccken aufweisen kann. Ein l\u00fcckenloser Schutz der Daten vor dem Zugriff durch Dritte ist nicht m\u00f6glich.\n            <\/p>\n            <h4 class=\"u-text u-text-custom-color-2 u-text-16\"> Hinweis zur verantwortlichen Stelle<\/h4>\n            <p class=\"u-text u-text-17\"> Die verantwortliche Stelle f\u00fcr die Datenverarbeitung auf dieser Website ist:<br>\n              <br>BW-Media<br>Paulseck 10<br>66564 Ottweiler\n            <\/p>\n          <\/div>\n        <\/div>\n        <div class=\"u-border-3 u-border-custom-color-2 u-expanded-width u-line u-line-horizontal u-line-1\"><\/div>\n      <\/div>\n    <\/section>\n    \n    \n    \n    \n  \n<\/div>","protected":false},"excerpt":{"rendered":"<p>Datenschutzerkl\u00e4rung 1. Datenschutz auf einen Blick Allgemeine Hinweise Die folgenden Hinweise geben einen einfachen \u00dcberblick dar\u00fcber, was mit Ihren personenbezogenen Daten passiert, wenn Sie diese Website besuchen. Personenbezogene Daten sind alle Daten, mit denen Sie pers\u00f6nlich identifiziert werden k\u00f6nnen. Ausf\u00fchrliche Informationen zum Thema Datenschutz entnehmen Sie unserer unter diesem Text aufgef\u00fchrten Datenschutzerkl\u00e4rung. Datenerfassung auf dieser [&hellip;]<\/p>\n","protected":false},"author":1,"featured_media":0,"parent":0,"menu_order":0,"comment_status":"closed","ping_status":"closed","template":"","meta":{"footnotes":""},"class_list":["post-90","page","type-page","status-publish","hentry"],"yoast_head":"<!-- This site is optimized with the Yoast SEO plugin v25.1 - https:\/\/yoast.com\/wordpress\/plugins\/seo\/ -->\n<title>Datenschutz - Sch\u00fctz Reinigungsservice<\/title>\n<meta name=\"robots\" content=\"index, follow, max-snippet:-1, max-image-preview:large, max-video-preview:-1\" \/>\n<link rel=\"canonical\" href=\"https:\/\/schuetz.bw-media.saarland\/index.php\/datenschutz\/\" \/>\n<meta property=\"og:locale\" content=\"de_DE\" \/>\n<meta property=\"og:type\" content=\"article\" \/>\n<meta property=\"og:title\" content=\"Datenschutz - Sch\u00fctz Reinigungsservice\" \/>\n<meta property=\"og:description\" content=\"Datenschutzerkl\u00e4rung 1. Datenschutz auf einen Blick Allgemeine Hinweise Die folgenden Hinweise geben einen einfachen \u00dcberblick dar\u00fcber, was mit Ihren personenbezogenen Daten passiert, wenn Sie diese Website besuchen. Personenbezogene Daten sind alle Daten, mit denen Sie pers\u00f6nlich identifiziert werden k\u00f6nnen. Ausf\u00fchrliche Informationen zum Thema Datenschutz entnehmen Sie unserer unter diesem Text aufgef\u00fchrten Datenschutzerkl\u00e4rung. Datenerfassung auf dieser [&hellip;]\" \/>\n<meta property=\"og:url\" content=\"https:\/\/schuetz.bw-media.saarland\/index.php\/datenschutz\/\" \/>\n<meta property=\"og:site_name\" content=\"Sch\u00fctz Reinigungsservice\" \/>\n<meta property=\"article:modified_time\" content=\"2025-05-15T13:57:51+00:00\" \/>\n<meta name=\"twitter:card\" content=\"summary_large_image\" \/>\n<meta name=\"twitter:label1\" content=\"Gesch\u00e4tzte Lesezeit\" \/>\n\t<meta name=\"twitter:data1\" content=\"2\u00a0Minuten\" \/>\n<script type=\"application\/ld+json\" class=\"yoast-schema-graph\">{\"@context\":\"https:\/\/schema.org\",\"@graph\":[{\"@type\":\"WebPage\",\"@id\":\"https:\/\/schuetz.bw-media.saarland\/index.php\/datenschutz\/\",\"url\":\"https:\/\/schuetz.bw-media.saarland\/index.php\/datenschutz\/\",\"name\":\"Datenschutz - Sch\u00fctz Reinigungsservice\",\"isPartOf\":{\"@id\":\"https:\/\/schuetz.bw-media.saarland\/#website\"},\"datePublished\":\"2025-05-05T14:49:48+00:00\",\"dateModified\":\"2025-05-15T13:57:51+00:00\",\"breadcrumb\":{\"@id\":\"https:\/\/schuetz.bw-media.saarland\/index.php\/datenschutz\/#breadcrumb\"},\"inLanguage\":\"de\",\"potentialAction\":[{\"@type\":\"ReadAction\",\"target\":[\"https:\/\/schuetz.bw-media.saarland\/index.php\/datenschutz\/\"]}]},{\"@type\":\"BreadcrumbList\",\"@id\":\"https:\/\/schuetz.bw-media.saarland\/index.php\/datenschutz\/#breadcrumb\",\"itemListElement\":[{\"@type\":\"ListItem\",\"position\":1,\"name\":\"Startseite\",\"item\":\"https:\/\/schuetz.bw-media.saarland\/\"},{\"@type\":\"ListItem\",\"position\":2,\"name\":\"Datenschutz\"}]},{\"@type\":\"WebSite\",\"@id\":\"https:\/\/schuetz.bw-media.saarland\/#website\",\"url\":\"https:\/\/schuetz.bw-media.saarland\/\",\"name\":\"Sch\u00fctz Reinigungsservice\",\"description\":\"\",\"potentialAction\":[{\"@type\":\"SearchAction\",\"target\":{\"@type\":\"EntryPoint\",\"urlTemplate\":\"https:\/\/schuetz.bw-media.saarland\/?s={search_term_string}\"},\"query-input\":{\"@type\":\"PropertyValueSpecification\",\"valueRequired\":true,\"valueName\":\"search_term_string\"}}],\"inLanguage\":\"de\"}]}<\/script>\n<!-- \/ Yoast SEO plugin. -->","yoast_head_json":{"title":"Datenschutz - Sch\u00fctz Reinigungsservice","robots":{"index":"index","follow":"follow","max-snippet":"max-snippet:-1","max-image-preview":"max-image-preview:large","max-video-preview":"max-video-preview:-1"},"canonical":"https:\/\/schuetz.bw-media.saarland\/index.php\/datenschutz\/","og_locale":"de_DE","og_type":"article","og_title":"Datenschutz - Sch\u00fctz Reinigungsservice","og_description":"Datenschutzerkl\u00e4rung 1. Datenschutz auf einen Blick Allgemeine Hinweise Die folgenden Hinweise geben einen einfachen \u00dcberblick dar\u00fcber, was mit Ihren personenbezogenen Daten passiert, wenn Sie diese Website besuchen. Personenbezogene Daten sind alle Daten, mit denen Sie pers\u00f6nlich identifiziert werden k\u00f6nnen. Ausf\u00fchrliche Informationen zum Thema Datenschutz entnehmen Sie unserer unter diesem Text aufgef\u00fchrten Datenschutzerkl\u00e4rung. Datenerfassung auf dieser [&hellip;]","og_url":"https:\/\/schuetz.bw-media.saarland\/index.php\/datenschutz\/","og_site_name":"Sch\u00fctz Reinigungsservice","article_modified_time":"2025-05-15T13:57:51+00:00","twitter_card":"summary_large_image","twitter_misc":{"Gesch\u00e4tzte Lesezeit":"2\u00a0Minuten"},"schema":{"@context":"https:\/\/schema.org","@graph":[{"@type":"WebPage","@id":"https:\/\/schuetz.bw-media.saarland\/index.php\/datenschutz\/","url":"https:\/\/schuetz.bw-media.saarland\/index.php\/datenschutz\/","name":"Datenschutz - Sch\u00fctz Reinigungsservice","isPartOf":{"@id":"https:\/\/schuetz.bw-media.saarland\/#website"},"datePublished":"2025-05-05T14:49:48+00:00","dateModified":"2025-05-15T13:57:51+00:00","breadcrumb":{"@id":"https:\/\/schuetz.bw-media.saarland\/index.php\/datenschutz\/#breadcrumb"},"inLanguage":"de","potentialAction":[{"@type":"ReadAction","target":["https:\/\/schuetz.bw-media.saarland\/index.php\/datenschutz\/"]}]},{"@type":"BreadcrumbList","@id":"https:\/\/schuetz.bw-media.saarland\/index.php\/datenschutz\/#breadcrumb","itemListElement":[{"@type":"ListItem","position":1,"name":"Startseite","item":"https:\/\/schuetz.bw-media.saarland\/"},{"@type":"ListItem","position":2,"name":"Datenschutz"}]},{"@type":"WebSite","@id":"https:\/\/schuetz.bw-media.saarland\/#website","url":"https:\/\/schuetz.bw-media.saarland\/","name":"Sch\u00fctz Reinigungsservice","description":"","potentialAction":[{"@type":"SearchAction","target":{"@type":"EntryPoint","urlTemplate":"https:\/\/schuetz.bw-media.saarland\/?s={search_term_string}"},"query-input":{"@type":"PropertyValueSpecification","valueRequired":true,"valueName":"search_term_string"}}],"inLanguage":"de"}]}},"_links":{"self":[{"href":"https:\/\/schuetz.bw-media.saarland\/index.php\/wp-json\/wp\/v2\/pages\/90","targetHints":{"allow":["GET"]}}],"collection":[{"href":"https:\/\/schuetz.bw-media.saarland\/index.php\/wp-json\/wp\/v2\/pages"}],"about":[{"href":"https:\/\/schuetz.bw-media.saarland\/index.php\/wp-json\/wp\/v2\/types\/page"}],"author":[{"embeddable":true,"href":"https:\/\/schuetz.bw-media.saarland\/index.php\/wp-json\/wp\/v2\/users\/1"}],"replies":[{"embeddable":true,"href":"https:\/\/schuetz.bw-media.saarland\/index.php\/wp-json\/wp\/v2\/comments?post=90"}],"version-history":[{"count":5,"href":"https:\/\/schuetz.bw-media.saarland\/index.php\/wp-json\/wp\/v2\/pages\/90\/revisions"}],"predecessor-version":[{"id":134,"href":"https:\/\/schuetz.bw-media.saarland\/index.php\/wp-json\/wp\/v2\/pages\/90\/revisions\/134"}],"wp:attachment":[{"href":"https:\/\/schuetz.bw-media.saarland\/index.php\/wp-json\/wp\/v2\/media?parent=90"}],"curies":[{"name":"wp","href":"https:\/\/api.w.org\/{rel}","templated":true}]}}